{"id":198,"date":"2022-12-04T13:49:55","date_gmt":"2022-12-04T13:49:55","guid":{"rendered":"https:\/\/caap-tujitegemee.org\/?page_id=198"},"modified":"2026-04-21T05:59:55","modified_gmt":"2026-04-21T10:59:55","slug":"nos-projets","status":"publish","type":"page","link":"https:\/\/caap-tujitegemee.org\/en\/nos-projets\/","title":{"rendered":"PROJETS"},"content":{"rendered":"<div class=\"et_pb_section_0 et_pb_section et_section_regular et_block_section section_has_divider et_pb_bottom_divider\"><div class=\"et_pb_row_0 et_pb_row et_block_row preset--module--divi-row--8bbe7ee2-db31-4abc-8161-babd685cbb3c\"><div class=\"et_pb_column_0 et_pb_column et_pb_column_3_5 et_block_column et_pb_css_mix_blend_mode_passthrough\"><div class=\"et_pb_text_0 et_pb_text et_pb_bg_layout_light et_pb_module et_block_module preset--module--divi-text--0ea484dd-3fc1-4b4a-855a-0d89e6a0ee85\"><div class=\"et_pb_text_inner\"><h4>Be Informed<\/h4>\n<h1>Projets<\/h1>\n<p>Lorem ipsum dolor sit amet, consetetur sadipscing elitr, sed diam nonumy eirmod tempor invidunt ut labore et dolore magna aliquyam erat, sed diam voluptua.<\/p>\n<\/div><\/div><\/div><div class=\"et_pb_column_1 et_pb_column et_pb_column_2_5 et-last-child et_block_column et_pb_column_empty et_pb_css_mix_blend_mode_passthrough\"><\/div><\/div><div class=\"et_pb_bottom_inside_divider et-no-transition\"><\/div><\/div><div class=\"et_pb_section_1 et_pb_section et_section_regular et_block_section\"><div class=\"et_pb_row_1 et_pb_row et_pb_gutters4 et_block_row preset--module--divi-row--8bbe7ee2-db31-4abc-8161-babd685cbb3c\"><div class=\"et_pb_column_2 et_pb_column et_pb_column_2_3 et_block_column et_pb_css_mix_blend_mode_passthrough\"><div class=\"et_pb_blog_0 et_pb_blog et_pb_bg_layout_light et_pb_text_align_center et_pb_posts et_pb_module preset--module--divi-blog--28eafe43-2a89-419a-9a31-c82fe204c4ac\"><div class=\"et_pb_ajax_pagination_container\"><div class=\"et_pb_posts et_block_module\"><article class=\"et_pb_post et_pb_post_id_1163 clearfix et_pb_blog_item_0_0 post-1163 post type-post status-publish format-standard has-post-thumbnail hentry category-general category-projets category-realisations tag-securite-alimentaire tag-unicef\"><a href=\"https:\/\/caap-tujitegemee.org\/en\/news\/projets\/projet-ciblage-et-enregistrement-scope-des-beneficiaires-formation-des-encodeurs\/\" class=\"entry-featured-image-url\"><img loading=\"lazy\" decoding=\"async\" src=\"https:\/\/i0.wp.com\/caap-tujitegemee.org\/wp-content\/uploads\/2024\/04\/8.png?fit=1920%2C1080&#038;ssl=1\" width=\"1080\" height=\"675\" alt=\"Projet Ciblage et enregistrement SCOPE des b\u00e9n\u00e9ficiaires: Formation des encodeurs\" class=\"et_pb_post_main_image\" \/><span class=\"et_overlay et_pb_inline_icon\"><\/span><\/a><h2 class=\"entry-title\"><a href=\"https:\/\/caap-tujitegemee.org\/en\/news\/projets\/projet-ciblage-et-enregistrement-scope-des-beneficiaires-formation-des-encodeurs\/\">Projet Ciblage et enregistrement SCOPE des b\u00e9n\u00e9ficiaires: Formation des encodeurs<\/a><\/h2><p class=\"post-meta\"><span class=\"published\">Apr 18, 2024<\/span> | <span class=\"entry-categories\"><a href=\"https:\/\/caap-tujitegemee.org\/en\/news\/category\/general\/\" rel=\"tag\">G\u00e9n\u00e9ral<\/a>, <a href=\"https:\/\/caap-tujitegemee.org\/en\/news\/category\/projets\/\" rel=\"tag\">Projets<\/a>, <a href=\"https:\/\/caap-tujitegemee.org\/en\/news\/category\/realisations\/\" rel=\"tag\">R\u00e9alisations<\/a><\/span><\/p><div class=\"post-content\"><div class=\"post-content-inner\"><p>C\u2019est depuis, le 01 Janvier 2024 que CAAP TUJITEGEMEE est partenaire coop\u00e9rant avec PAM pour la mise en \u0153uvre des activit\u00e9s de collecte des donn\u00e9es de ciblage ou enregistrement SCOPE dans la province du Nord Kivu. Il a \u00e9t\u00e9 pr\u00e9vu dans ce projet, une formation des&#8230;<\/p>\n<\/div><a href=\"https:\/\/caap-tujitegemee.org\/en\/news\/projets\/projet-ciblage-et-enregistrement-scope-des-beneficiaires-formation-des-encodeurs\/\" class=\"more-link\">read more&#8230;<\/a><\/div><\/article><article class=\"et_pb_post et_pb_post_id_1158 clearfix et_pb_blog_item_0_1 post-1158 post type-post status-publish format-standard has-post-thumbnail hentry category-realisations tag-erm tag-evaluation-rapide-multisectorielle tag-guerre-du-m23 tag-ocha-rdc tag-pam tag-protection tag-securite-rdc\"><a href=\"https:\/\/caap-tujitegemee.org\/en\/news\/realisations\/ocha-rdc-renforce-en-capacite-20-staffs-du-caap-t-sur-les-evaluations-rapides-multisectorielles-a-goma\/\" class=\"entry-featured-image-url\"><img loading=\"lazy\" decoding=\"async\" src=\"https:\/\/i0.wp.com\/caap-tujitegemee.org\/wp-content\/uploads\/2024\/03\/IMG_7115-scaled.jpg?fit=2560%2C1707&#038;ssl=1\" width=\"1080\" height=\"675\" alt=\"OCHA RDC renforce en capacit\u00e9 20 staffs du CAAP-T sur les Evaluations rapides multisectorielles \u00e0 GOMA\" class=\"et_pb_post_main_image\" \/><span class=\"et_overlay et_pb_inline_icon\"><\/span><\/a><h2 class=\"entry-title\"><a href=\"https:\/\/caap-tujitegemee.org\/en\/news\/realisations\/ocha-rdc-renforce-en-capacite-20-staffs-du-caap-t-sur-les-evaluations-rapides-multisectorielles-a-goma\/\">OCHA RDC renforce en capacit\u00e9 20 staffs du CAAP-T sur les Evaluations rapides multisectorielles \u00e0 GOMA<\/a><\/h2><p class=\"post-meta\"><span class=\"published\">Mar 22, 2024<\/span> | <span class=\"entry-categories\"><a href=\"https:\/\/caap-tujitegemee.org\/en\/news\/category\/realisations\/\" rel=\"tag\">R\u00e9alisations<\/a><\/span><\/p><div class=\"post-content\"><div class=\"post-content-inner\"><p>Le Bureau de Coordination des Affaires Humanitaires (OCHA)&nbsp; est un d\u00e9partement du secr\u00e9tariat de l\u2019ONU qui sert de cadre \u00e0 l\u2019aide humanitaire et qui joue un r\u00f4le tr\u00e8s important dans le raffermissement des acteurs humanitaires. Du 20 au 21 mars 2024,&nbsp; le&#8230;<\/p>\n<\/div><a href=\"https:\/\/caap-tujitegemee.org\/en\/news\/realisations\/ocha-rdc-renforce-en-capacite-20-staffs-du-caap-t-sur-les-evaluations-rapides-multisectorielles-a-goma\/\" class=\"more-link\">read more&#8230;<\/a><\/div><\/article><article class=\"et_pb_post et_pb_post_id_1145 clearfix et_pb_blog_item_0_2 post-1145 post type-post status-publish format-standard has-post-thumbnail hentry category-projets tag-pam-en-rdc tag-projets-durgence\"><a href=\"https:\/\/caap-tujitegemee.org\/en\/news\/projets\/sauver-des-vies-pam-rdc-et-caap-tujitegemee-pretent-a-assister-869-300-vulnerables-victimes-de-conflits-armes-au-nord-kivu-au-cours-de-lannee-2024-a-travers-la-collecte-des\/\" class=\"entry-featured-image-url\"><img loading=\"lazy\" decoding=\"async\" src=\"https:\/\/i0.wp.com\/caap-tujitegemee.org\/wp-content\/uploads\/2024\/02\/3.png?fit=1920%2C1080&#038;ssl=1\" width=\"1080\" height=\"675\" alt=\"Sauver des vies\u00a0: PAM\/RDC et CAAP-Tujitegemee pr\u00eatent \u00e0 assister 869.300 vuln\u00e9rables victimes de conflits arm\u00e9s au Nord-Kivu au cours de l\u2019ann\u00e9e 2024 \u00e0 travers la \u00ab\u00a0collecte des donn\u00e9es pour les ciblages et enregistrement SCOPE des b\u00e9n\u00e9ficiaires pour les distributions g\u00e9n\u00e9rales des vivres et CBT\u00a0\u00bb\" class=\"et_pb_post_main_image\" \/><span class=\"et_overlay et_pb_inline_icon\"><\/span><\/a><h2 class=\"entry-title\"><a href=\"https:\/\/caap-tujitegemee.org\/en\/news\/projets\/sauver-des-vies-pam-rdc-et-caap-tujitegemee-pretent-a-assister-869-300-vulnerables-victimes-de-conflits-armes-au-nord-kivu-au-cours-de-lannee-2024-a-travers-la-collecte-des\/\">Sauver des vies\u00a0: PAM\/RDC et CAAP-Tujitegemee pr\u00eatent \u00e0 assister 869.300 vuln\u00e9rables victimes de conflits arm\u00e9s au Nord-Kivu au cours de l\u2019ann\u00e9e 2024 \u00e0 travers la \u00ab\u00a0collecte des donn\u00e9es pour les ciblages et enregistrement SCOPE des b\u00e9n\u00e9ficiaires pour les distributions g\u00e9n\u00e9rales des vivres et CBT\u00a0\u00bb<\/a><\/h2><p class=\"post-meta\"><span class=\"published\">Feb 14, 2024<\/span> | <span class=\"entry-categories\"><a href=\"https:\/\/caap-tujitegemee.org\/en\/news\/category\/projets\/\" rel=\"tag\">Projets<\/a><\/span><\/p><div class=\"post-content\"><div class=\"post-content-inner\"><p>Trois d\u00e9cennies durant, la RDC, essentiellement dans sa partie orientale,&nbsp; connait des conflits de mani\u00e8re continue qui sont \u00e0 la base des d\u00e9placements massifs de population. D\u2019innombrables m\u00e9nages au Nord-Kivu vivent dans une vuln\u00e9rabilit\u00e9 accentu\u00e9e. Avec la&#8230;<\/p>\n<\/div><a href=\"https:\/\/caap-tujitegemee.org\/en\/news\/projets\/sauver-des-vies-pam-rdc-et-caap-tujitegemee-pretent-a-assister-869-300-vulnerables-victimes-de-conflits-armes-au-nord-kivu-au-cours-de-lannee-2024-a-travers-la-collecte-des\/\" class=\"more-link\">read more&#8230;<\/a><\/div><\/article><article class=\"et_pb_post et_pb_post_id_1015 clearfix et_pb_blog_item_0_3 post-1015 post type-post status-publish format-standard has-post-thumbnail hentry category-projets tag-environnement-rdc tag-territoire-de-masisi tag-tride-masisi tag-zoa-rdc\"><a href=\"https:\/\/caap-tujitegemee.org\/en\/news\/projets\/rdc-zoa-prevention-des-catastrophes-naturelles-en-territoire-de-masisi-grace-au-projet-tride\/\" class=\"entry-featured-image-url\"><img loading=\"lazy\" decoding=\"async\" src=\"https:\/\/i0.wp.com\/caap-tujitegemee.org\/wp-content\/uploads\/2024\/02\/ZOA-CAAP-T.jpg?fit=2016%2C1512&#038;ssl=1\" width=\"1080\" height=\"675\" alt=\"RDC ZOA\u00a0: Pr\u00e9vention des catastrophes naturelles en territoire de MASISI\u00a0gr\u00e2ce au projet TRIDE\" class=\"et_pb_post_main_image\" \/><span class=\"et_overlay et_pb_inline_icon\"><\/span><\/a><h2 class=\"entry-title\"><a href=\"https:\/\/caap-tujitegemee.org\/en\/news\/projets\/rdc-zoa-prevention-des-catastrophes-naturelles-en-territoire-de-masisi-grace-au-projet-tride\/\">RDC ZOA\u00a0: Pr\u00e9vention des catastrophes naturelles en territoire de MASISI\u00a0gr\u00e2ce au projet TRIDE<\/a><\/h2><p class=\"post-meta\"><span class=\"published\">Feb 2, 2024<\/span> | <span class=\"entry-categories\"><a href=\"https:\/\/caap-tujitegemee.org\/en\/news\/category\/projets\/\" rel=\"tag\">Projets<\/a><\/span><\/p><div class=\"post-content\"><div class=\"post-content-inner\"><p>Pour cette deuxi\u00e8me ann\u00e9e qui vient de commencer, en partenariat avec ZOA, pour la mise en \u0153uvre du Projet TRIDE (Transition pour le D\u00e9veloppement Inclusif \u00e0 l\u2019Est de la RDC), CAAP-TUJITEGEMEE vient de r\u00e9aliser diverses activit\u00e9s avec les agriculteurs de la chefferie&#8230;<\/p>\n<\/div><a href=\"https:\/\/caap-tujitegemee.org\/en\/news\/projets\/rdc-zoa-prevention-des-catastrophes-naturelles-en-territoire-de-masisi-grace-au-projet-tride\/\" class=\"more-link\">read more&#8230;<\/a><\/div><\/article><article class=\"et_pb_post et_pb_post_id_1009 clearfix et_pb_blog_item_0_4 post-1009 post type-post status-publish format-standard has-post-thumbnail hentry category-projets tag-caap-tujitegemee-masisi tag-offres-demploi tag-projet-tride tag-zoa-rdc\"><a href=\"https:\/\/caap-tujitegemee.org\/en\/news\/projets\/nous-recrutons-10-moniteurs-en-territoire-de-masisi\/\" class=\"entry-featured-image-url\"><img loading=\"lazy\" decoding=\"async\" src=\"https:\/\/i0.wp.com\/caap-tujitegemee.org\/wp-content\/uploads\/2024\/02\/PROJET-TRIDE.png?fit=1920%2C1080&#038;ssl=1\" width=\"1080\" height=\"675\" alt=\"Nous recrutons  10 moniteurs en territoire de MASISI\" class=\"et_pb_post_main_image\" \/><span class=\"et_overlay et_pb_inline_icon\"><\/span><\/a><h2 class=\"entry-title\"><a href=\"https:\/\/caap-tujitegemee.org\/en\/news\/projets\/nous-recrutons-10-moniteurs-en-territoire-de-masisi\/\">Nous recrutons  10 moniteurs en territoire de MASISI<\/a><\/h2><p class=\"post-meta\"><span class=\"published\">Feb 1, 2024<\/span> | <span class=\"entry-categories\"><a href=\"https:\/\/caap-tujitegemee.org\/en\/news\/category\/projets\/\" rel=\"tag\">Projets<\/a><\/span><\/p><div class=\"post-content\"><div class=\"post-content-inner\"><p>Notre organisation a pour mission de contribuer \u00e0 la lutte contre la pauvret\u00e9 et l&rsquo;extr\u00eame mis\u00e8re par la formation, l&rsquo;appui, l&rsquo;encadrement et l&rsquo;accompagnement des initiatives locales d&rsquo;autopromotion pour am\u00e9liorer leurs capacit\u00e9s de lute contre la pauvret\u00e9&#8230;.<\/p>\n<\/div><a href=\"https:\/\/caap-tujitegemee.org\/en\/news\/projets\/nous-recrutons-10-moniteurs-en-territoire-de-masisi\/\" class=\"more-link\">read more&#8230;<\/a><\/div><\/article><\/div><\/div><\/div><\/div><div class=\"et_pb_column_3 et_pb_column et_pb_column_1_3 et-last-child et_block_column et_pb_css_mix_blend_mode_passthrough\"><div class=\"et_pb_text_1 et_pb_text et_pb_bg_layout_light et_pb_module et_block_module preset--module--divi-text--0ea484dd-3fc1-4b4a-855a-0d89e6a0ee85\"><div class=\"et_pb_text_inner\"><h3>Find More<\/h3>\n<\/div><\/div><div class=\"et_pb_search_0 et_pb_search et_pb_bg_layout_light et_pb_hide_search_button et_pb_module et_block_module\"><form class=\"et_pb_searchform\" method=\"get\" role=\"search\" action=\"https:\/\/caap-tujitegemee.org\/en\/\" data-trp-original-action=\"https:\/\/caap-tujitegemee.org\/en\/\"><div><label class=\"screen-reader-text\" for=\"s\">Search for:<\/label><input name=\"s\" class=\"et_pb_s\" type=\"text\" placeholder=\"Search ...\" value=\"\" \/><input name=\"et_pb_searchform_submit\" type=\"hidden\" value=\"et_search_process\" \/><input name=\"et_pb_include_posts\" type=\"hidden\" value=\"yes\" \/><\/div><input type=\"hidden\" name=\"trp-form-language\" value=\"en\"\/><\/form><\/div><div class=\"et_pb_divider_0 et_pb_divider et_pb_space et_pb_divider_position_center et_pb_module\"><div class=\"et_pb_divider_internal\"><\/div><\/div><div class=\"et_pb_text_2 et_pb_text et_pb_bg_layout_light et_pb_module et_block_module preset--module--divi-text--0ea484dd-3fc1-4b4a-855a-0d89e6a0ee85\"><div class=\"et_pb_text_inner\"><h3>Categories<\/h3>\n<ul>\n<li><a href=\"\/en\/news\/categories\/inspiration\/\">Inspiration<\/a><\/li>\n<li><a href=\"\/en\/news\/categories\/case\/\">Case<\/a><\/li>\n<\/ul>\n<\/div><\/div><div class=\"et_pb_divider_1 et_pb_divider et_pb_space et_pb_divider_position_center et_pb_module\"><div class=\"et_pb_divider_internal\"><\/div><\/div><div class=\"et_pb_text_3 et_pb_text et_pb_bg_layout_light et_pb_module et_block_module preset--module--divi-text--0ea484dd-3fc1-4b4a-855a-0d89e6a0ee85\"><div class=\"et_pb_text_inner\"><h3>Follow Us<\/h3>\n<p>Feel free to follow us on social media for the latest news and more inspiration.<\/p>\n<\/div><\/div><ul class=\"et_pb_social_media_follow_0 et_pb_social_media_follow clearfix et_pb_bg_layout_light et_pb_text_align_center et_pb_module et_block_module\"><li class=\"et_pb_social_media_follow_network_0 et_pb_social_media_follow_network et_pb_social_icon et_pb_social_network_link et-social-facebook et_pb_module et_flex_module\"><a href=\"#\" class=\"icon\" target=\"_self\" title=\"Follow on Facebook\" rel=\"noopener\"><span class=\"et_pb_social_media_follow_network_name\">Follow<\/span><\/a><\/li><li class=\"et_pb_social_media_follow_network_1 et_pb_social_media_follow_network et_pb_social_icon et_pb_social_network_link et-social-instagram et_pb_module et_flex_module\"><a href=\"#\" class=\"icon\" target=\"_self\" title=\"Follow on Instagram\" rel=\"noopener\"><span class=\"et_pb_social_media_follow_network_name\">Follow<\/span><\/a><\/li><li class=\"et_pb_social_media_follow_network_2 et_pb_social_media_follow_network et_pb_social_icon et_pb_social_network_link et-social-twitter et_pb_module et_flex_module\"><a href=\"#\" class=\"icon\" target=\"_self\" title=\"Follow on Twitter\" rel=\"noopener\"><span class=\"et_pb_social_media_follow_network_name\">Follow<\/span><\/a><\/li><li class=\"et_pb_social_media_follow_network_3 et_pb_social_media_follow_network et_pb_social_icon et_pb_social_network_link et-social-linkedin et_pb_module et_flex_module\"><a href=\"#\" class=\"icon\" target=\"_self\" title=\"Follow on Linkedin\" rel=\"noopener\"><span class=\"et_pb_social_media_follow_network_name\">Follow<\/span><\/a><\/li><\/ul><\/div><\/div><\/div>","protected":false},"excerpt":{"rendered":"","protected":false},"author":1,"featured_media":0,"parent":0,"menu_order":0,"comment_status":"closed","ping_status":"closed","template":"","meta":{"_acf_changed":false,"footnotes":""},"class_list":["post-198","page","type-page","status-publish","hentry"],"acf":[],"dsm_author":{"name":"Laurent Saga","avatar_url":"https:\/\/caap-tujitegemee.org\/wp-content\/litespeed\/avatar\/3e1c5037c5c6f87c164b4b3f667d6782.jpg?ver=1777319348","archive_link":"https:\/\/caap-tujitegemee.org\/en\/news\/author\/admlsaga\/","biodata":""},"dsm_categories":[],"dsm_attachment_categories":[],"dsm_featured_image":null,"jetpack_sharing_enabled":true,"_links":{"self":[{"href":"https:\/\/caap-tujitegemee.org\/en\/wp-json\/wp\/v2\/pages\/198","targetHints":{"allow":["GET"]}}],"collection":[{"href":"https:\/\/caap-tujitegemee.org\/en\/wp-json\/wp\/v2\/pages"}],"about":[{"href":"https:\/\/caap-tujitegemee.org\/en\/wp-json\/wp\/v2\/types\/page"}],"author":[{"embeddable":true,"href":"https:\/\/caap-tujitegemee.org\/en\/wp-json\/wp\/v2\/users\/1"}],"replies":[{"embeddable":true,"href":"https:\/\/caap-tujitegemee.org\/en\/wp-json\/wp\/v2\/comments?post=198"}],"version-history":[{"count":5,"href":"https:\/\/caap-tujitegemee.org\/en\/wp-json\/wp\/v2\/pages\/198\/revisions"}],"predecessor-version":[{"id":1277,"href":"https:\/\/caap-tujitegemee.org\/en\/wp-json\/wp\/v2\/pages\/198\/revisions\/1277"}],"wp:attachment":[{"href":"https:\/\/caap-tujitegemee.org\/en\/wp-json\/wp\/v2\/media?parent=198"}],"curies":[{"name":"wp","href":"https:\/\/api.w.org\/{rel}","templated":true}]}}